{"id":5225,"date":"2024-05-06T08:49:26","date_gmt":"2024-05-06T11:49:26","guid":{"rendered":"https:\/\/www.weconnectdiabetes.org\/2023\/?page_id=5225"},"modified":"2024-05-06T09:37:12","modified_gmt":"2024-05-06T12:37:12","slug":"conectate-con-la-comunidad-global-de-diabetes","status":"publish","type":"page","link":"https:\/\/www.weconnectdiabetes.org\/2023\/conectate-con-la-comunidad-global-de-diabetes\/","title":{"rendered":"Conectate con la Comunidad Global de Diabetes"},"content":{"rendered":"\t\t<div data-elementor-type=\"wp-page\" data-elementor-id=\"5225\" class=\"elementor elementor-5225\" data-elementor-post-type=\"page\">\n\t\t\t\t\t\t\t<div class=\"elementor-element elementor-element-e9e8fd1 e-flex e-con-boxed e-con e-parent\" data-id=\"e9e8fd1\" data-element_type=\"container\" data-settings=\"{&quot;background_background&quot;:&quot;classic&quot;,&quot;content_width&quot;:&quot;boxed&quot;}\" data-core-v316-plus=\"true\">\n\t\t\t\t\t<div class=\"e-con-inner\">\n\t\t<div class=\"elementor-element elementor-element-f6373cd e-flex e-con-boxed e-con e-child\" data-id=\"f6373cd\" data-element_type=\"container\" data-settings=\"{&quot;background_background&quot;:&quot;classic&quot;,&quot;content_width&quot;:&quot;boxed&quot;}\">\n\t\t\t\t\t<div class=\"e-con-inner\">\n\t\t\t\t<div class=\"elementor-element elementor-element-f1d9a90 elementor-widget elementor-widget-heading\" data-id=\"f1d9a90\" data-element_type=\"widget\" data-widget_type=\"heading.default\">\n\t\t\t\t<div class=\"elementor-widget-container\">\n\t\t\t<style>\/*! elementor - v3.16.0 - 20-09-2023 *\/\n.elementor-heading-title{padding:0;margin:0;line-height:1}.elementor-widget-heading .elementor-heading-title[class*=elementor-size-]>a{color:inherit;font-size:inherit;line-height:inherit}.elementor-widget-heading .elementor-heading-title.elementor-size-small{font-size:15px}.elementor-widget-heading .elementor-heading-title.elementor-size-medium{font-size:19px}.elementor-widget-heading .elementor-heading-title.elementor-size-large{font-size:29px}.elementor-widget-heading .elementor-heading-title.elementor-size-xl{font-size:39px}.elementor-widget-heading .elementor-heading-title.elementor-size-xxl{font-size:59px}<\/style><h3 class=\"elementor-heading-title elementor-size-default\">CUI.D.AR<br> te ayuda a conectar con la<br> Comunidad Global de Diabetes<\/h3>\t\t<\/div>\n\t\t\t\t<\/div>\n\t\t\t\t<div class=\"elementor-element elementor-element-3ccfac1 elementor-widget elementor-widget-text-editor\" data-id=\"3ccfac1\" data-element_type=\"widget\" data-widget_type=\"text-editor.default\">\n\t\t\t\t<div class=\"elementor-widget-container\">\n\t\t\t<style>\/*! elementor - v3.16.0 - 20-09-2023 *\/\n.elementor-widget-text-editor.elementor-drop-cap-view-stacked .elementor-drop-cap{background-color:#69727d;color:#fff}.elementor-widget-text-editor.elementor-drop-cap-view-framed .elementor-drop-cap{color:#69727d;border:3px solid;background-color:transparent}.elementor-widget-text-editor:not(.elementor-drop-cap-view-default) .elementor-drop-cap{margin-top:8px}.elementor-widget-text-editor:not(.elementor-drop-cap-view-default) .elementor-drop-cap-letter{width:1em;height:1em}.elementor-widget-text-editor .elementor-drop-cap{float:left;text-align:center;line-height:1;font-size:50px}.elementor-widget-text-editor .elementor-drop-cap-letter{display:inline-block}<\/style>\t\t\t\tSi est\u00e1s pensando en emigrar o viajar, \u00a1no est\u00e1s solo!<br>\n\u00a1Con\u00e9ctate con la Comunidad Global de Diabetes donde quiera que est\u00e9s!<br><br>\nEn <span style=\"color: #F9B61A; font-weight: bold;\">CUI.D.AR<\/span> y gracias a Delfi y Enzo, dos de nuestros J\u00f3venes L\u00edderes, te ayudamos a conectar con una red global de Organizaciones de Pacientes con Diabetes para que siempre tengas el apoyo que necesit\u00e1s cuando est\u00e9s en el exterior.<br><br>\nAs\u00ed que si est\u00e1s por encarar un viaje de vacaciones o un proyecto de vida en el exterior, \u00a1no dejes de utilizar este material!<\/p>\t\t\t\t\t\t<\/div>\n\t\t\t\t<\/div>\n\t\t\t\t<div class=\"elementor-element elementor-element-1fbd627 elementor-widget__width-auto elementor-widget elementor-widget-heading\" data-id=\"1fbd627\" data-element_type=\"widget\" data-widget_type=\"heading.default\">\n\t\t\t\t<div class=\"elementor-widget-container\">\n\t\t\t<h3 class=\"elementor-heading-title elementor-size-default\">\u00a1Hac\u00e9 click en la imagen y descargalo!<\/h3>\t\t<\/div>\n\t\t\t\t<\/div>\n\t\t\t\t<div class=\"elementor-element elementor-element-b29b449 elementor-widget__width-auto elementor-view-default elementor-widget elementor-widget-icon\" data-id=\"b29b449\" data-element_type=\"widget\" data-widget_type=\"icon.default\">\n\t\t\t\t<div class=\"elementor-widget-container\">\n\t\t\t\t\t<div class=\"elementor-icon-wrapper\">\n\t\t\t<div class=\"elementor-icon\">\n\t\t\t<i aria-hidden=\"true\" class=\"fas fa-long-arrow-alt-down\"><\/i>\t\t\t<\/div>\n\t\t<\/div>\n\t\t\t\t<\/div>\n\t\t\t\t<\/div>\n\t\t\t\t\t<\/div>\n\t\t\t\t<\/div>\n\t\t\t\t<div class=\"elementor-element elementor-element-2683920 elementor-widget elementor-widget-image\" data-id=\"2683920\" data-element_type=\"widget\" data-widget_type=\"image.default\">\n\t\t\t\t<div class=\"elementor-widget-container\">\n\t\t\t<style>\/*! elementor - v3.16.0 - 20-09-2023 *\/\n.elementor-widget-image{text-align:center}.elementor-widget-image a{display:inline-block}.elementor-widget-image a img[src$=\".svg\"]{width:48px}.elementor-widget-image img{vertical-align:middle;display:inline-block}<\/style>\t\t\t\t\t\t\t\t\t\t\t\t\t<a href=\"https:\/\/www.weconnectdiabetes.org\/2023\/wp-content\/uploads\/2024\/05\/CUI.D.AR-INFO-DIABETES-VIAJES-EXTERIOR.pdf\" target=\"_blank\" download=\"\">\n\t\t\t\t\t\t\t<img loading=\"lazy\" decoding=\"async\" width=\"500\" height=\"500\" src=\"https:\/\/www.weconnectdiabetes.org\/2023\/wp-content\/uploads\/2024\/05\/INFO-DBT-EXTERIOR-1.png\" class=\"attachment-medium_large size-medium_large wp-image-5231\" alt=\"\" srcset=\"https:\/\/www.weconnectdiabetes.org\/2023\/wp-content\/uploads\/2024\/05\/INFO-DBT-EXTERIOR-1.png 500w, https:\/\/www.weconnectdiabetes.org\/2023\/wp-content\/uploads\/2024\/05\/INFO-DBT-EXTERIOR-1-300x300.png 300w, https:\/\/www.weconnectdiabetes.org\/2023\/wp-content\/uploads\/2024\/05\/INFO-DBT-EXTERIOR-1-150x150.png 150w\" sizes=\"auto, (max-width: 34.9rem) calc(100vw - 2rem), (max-width: 53rem) calc(8 * (100vw \/ 12)), (min-width: 53rem) calc(6 * (100vw \/ 12)), 100vw\" \/>\t\t\t\t\t\t\t\t<\/a>\n\t\t\t\t\t\t\t\t\t\t\t\t\t\t\t<\/div>\n\t\t\t\t<\/div>\n\t\t\t\t<div class=\"elementor-element elementor-element-568cd88 elementor-widget elementor-widget-spacer\" data-id=\"568cd88\" data-element_type=\"widget\" data-widget_type=\"spacer.default\">\n\t\t\t\t<div class=\"elementor-widget-container\">\n\t\t\t<style>\/*! elementor - v3.16.0 - 20-09-2023 *\/\n.elementor-column .elementor-spacer-inner{height:var(--spacer-size)}.e-con{--container-widget-width:100%}.e-con-inner>.elementor-widget-spacer,.e-con>.elementor-widget-spacer{width:var(--container-widget-width,var(--spacer-size));--align-self:var(--container-widget-align-self,initial);--flex-shrink:0}.e-con-inner>.elementor-widget-spacer>.elementor-widget-container,.e-con>.elementor-widget-spacer>.elementor-widget-container{height:100%;width:100%}.e-con-inner>.elementor-widget-spacer>.elementor-widget-container>.elementor-spacer,.e-con>.elementor-widget-spacer>.elementor-widget-container>.elementor-spacer{height:100%}.e-con-inner>.elementor-widget-spacer>.elementor-widget-container>.elementor-spacer>.elementor-spacer-inner,.e-con>.elementor-widget-spacer>.elementor-widget-container>.elementor-spacer>.elementor-spacer-inner{height:var(--container-widget-height,var(--spacer-size))}.e-con-inner>.elementor-widget-spacer.elementor-widget-empty,.e-con>.elementor-widget-spacer.elementor-widget-empty{position:relative;min-height:22px;min-width:22px}.e-con-inner>.elementor-widget-spacer.elementor-widget-empty .elementor-widget-empty-icon,.e-con>.elementor-widget-spacer.elementor-widget-empty .elementor-widget-empty-icon{position:absolute;top:0;bottom:0;left:0;right:0;margin:auto;padding:0;width:22px;height:22px}<\/style>\t\t<div class=\"elementor-spacer\">\n\t\t\t<div class=\"elementor-spacer-inner\"><\/div>\n\t\t<\/div>\n\t\t\t\t<\/div>\n\t\t\t\t<\/div>\n\t\t\t\t\t<\/div>\n\t\t\t\t<\/div>\n\t\t\t\t\t\t\t<\/div>\n\t\t","protected":false},"excerpt":{"rendered":"<p>CUI.D.AR te ayuda a conectar con la Comunidad Global de Diabetes Si est\u00e1s pensando en emigrar o viajar, \u00a1no est\u00e1s solo! \u00a1Con\u00e9ctate con la Comunidad Global de Diabetes donde quiera que est\u00e9s! En CUI.D.AR y gracias a Delfi y Enzo, dos de nuestros J\u00f3venes L\u00edderes, te ayudamos a conectar con una red global de Organizaciones &hellip; <\/p>\n<p class=\"link-more\"><a href=\"https:\/\/www.weconnectdiabetes.org\/2023\/conectate-con-la-comunidad-global-de-diabetes\/\" class=\"more-link\">Continuar leyendo<span class=\"screen-reader-text\"> &#8220;Conectate con la Comunidad Global de Diabetes&#8221;<\/span><\/a><\/p>\n","protected":false},"author":1,"featured_media":0,"parent":0,"menu_order":0,"comment_status":"closed","ping_status":"closed","template":"elementor_header_footer","meta":{"_monsterinsights_skip_tracking":false,"_monsterinsights_sitenote_active":false,"_monsterinsights_sitenote_note":"","_monsterinsights_sitenote_category":0,"footnotes":""},"class_list":["post-5225","page","type-page","status-publish","hentry","entry"],"aioseo_notices":[],"_links":{"self":[{"href":"https:\/\/www.weconnectdiabetes.org\/2023\/wp-json\/wp\/v2\/pages\/5225","targetHints":{"allow":["GET"]}}],"collection":[{"href":"https:\/\/www.weconnectdiabetes.org\/2023\/wp-json\/wp\/v2\/pages"}],"about":[{"href":"https:\/\/www.weconnectdiabetes.org\/2023\/wp-json\/wp\/v2\/types\/page"}],"author":[{"embeddable":true,"href":"https:\/\/www.weconnectdiabetes.org\/2023\/wp-json\/wp\/v2\/users\/1"}],"replies":[{"embeddable":true,"href":"https:\/\/www.weconnectdiabetes.org\/2023\/wp-json\/wp\/v2\/comments?post=5225"}],"version-history":[{"count":22,"href":"https:\/\/www.weconnectdiabetes.org\/2023\/wp-json\/wp\/v2\/pages\/5225\/revisions"}],"predecessor-version":[{"id":5254,"href":"https:\/\/www.weconnectdiabetes.org\/2023\/wp-json\/wp\/v2\/pages\/5225\/revisions\/5254"}],"wp:attachment":[{"href":"https:\/\/www.weconnectdiabetes.org\/2023\/wp-json\/wp\/v2\/media?parent=5225"}],"curies":[{"name":"wp","href":"https:\/\/api.w.org\/{rel}","templated":true}]}}